{"id":2863,"date":"2023-10-10T13:49:11","date_gmt":"2023-10-10T21:49:11","guid":{"rendered":"http:\/\/localhost\/pe_ico\/?page_id=2863"},"modified":"2024-12-09T17:03:25","modified_gmt":"2024-12-10T01:03:25","slug":"plan-de-desarrollo","status":"publish","type":"page","link":"https:\/\/ingenieriamxl.uabc.dev\/peibi\/plan-de-desarrollo\/","title":{"rendered":"Plan de Desarrollo"},"content":{"rendered":"\t\t<div data-elementor-type=\"wp-page\" data-elementor-id=\"2863\" class=\"elementor elementor-2863\">\n\t\t\t\t<div class=\"elementor-element elementor-element-dc1ed5d e-con-full e-flex e-con e-parent\" data-id=\"dc1ed5d\" data-element_type=\"container\">\n\t\t<div class=\"elementor-element elementor-element-3014209 e-con-full e-flex e-con e-child\" data-id=\"3014209\" data-element_type=\"container\">\n\t\t<div class=\"elementor-element elementor-element-7f8a134 e-con-full e-flex e-con e-child\" data-id=\"7f8a134\" data-element_type=\"container\" data-settings=\"{&quot;background_background&quot;:&quot;classic&quot;}\">\n\t\t\t\t<div class=\"elementor-element elementor-element-7e30e08 elementor-widget elementor-widget-heading\" data-id=\"7e30e08\" data-element_type=\"widget\" data-widget_type=\"heading.default\">\n\t\t\t\t<div class=\"elementor-widget-container\">\n\t\t\t\t\t<h1 class=\"elementor-heading-title elementor-size-default\">Plan de Desarrollo<\/h1>\t\t\t\t<\/div>\n\t\t\t\t<\/div>\n\t\t\t\t<div class=\"elementor-element elementor-element-66d7613 elementor-widget-divider--view-line elementor-widget elementor-widget-divider\" data-id=\"66d7613\" data-element_type=\"widget\" data-widget_type=\"divider.default\">\n\t\t\t\t<div class=\"elementor-widget-container\">\n\t\t\t\t\t\t\t<div class=\"elementor-divider\">\n\t\t\t<span class=\"elementor-divider-separator\">\n\t\t\t\t\t\t<\/span>\n\t\t<\/div>\n\t\t\t\t\t\t<\/div>\n\t\t\t\t<\/div>\n\t\t\t\t<div class=\"elementor-element elementor-element-d6aa7be elementor-widget elementor-widget-shortcode\" data-id=\"d6aa7be\" data-element_type=\"widget\" data-widget_type=\"shortcode.default\">\n\t\t\t\t<div class=\"elementor-widget-container\">\n\t\t\t\t\t\t\t<div class=\"elementor-shortcode\">\n<div\n    class='wp-block-pdfp-pdf-poster  alignnone'\n    id='block-2'\n    data-attributes='{&quot;uniqueId&quot;:&quot;pdfp1&quot;,&quot;file&quot;:&quot;https:\\\/\\\/ingenieriamxl.uabc.dev\\\/peibi\\\/wp-content\\\/uploads\\\/2024\\\/02\\\/plandesarrollobioingenieria22-25.pdf&quot;,&quot;title&quot;:&quot;Plan de Desarrollo&quot;,&quot;height&quot;:&quot;800px&quot;,&quot;width&quot;:&quot;100%&quot;,&quot;print&quot;:true,&quot;fullscreenButton&quot;:true,&quot;fullscreenButtonText&quot;:&quot;Ver en pantalla completa&quot;,&quot;newWindow&quot;:false,&quot;showName&quot;:false,&quot;downloadButton&quot;:true,&quot;downloadButtonText&quot;:&quot;Download File&quot;,&quot;protect&quot;:false,&quot;onlyPDF&quot;:true,&quot;defaultBrowser&quot;:false,&quot;thumbMenu&quot;:false,&quot;initialPage&quot;:&quot;1&quot;,&quot;sidebarOpen&quot;:false,&quot;lastVersion&quot;:false,&quot;hrScroll&quot;:false,&quot;alert&quot;:false,&quot;btnStyles&quot;:{&quot;background&quot;:&quot;#1e73be&quot;,&quot;color&quot;:&quot;#fff&quot;,&quot;fontSize&quot;:&quot;rem&quot;,&quot;padding&quot;:{&quot;top&quot;:10,&quot;right&quot;:20,&quot;bottom&quot;:10,&quot;left&quot;:10}},&quot;popupOptions&quot;:{&quot;enabled&quot;:false,&quot;text&quot;:&quot;Open PDF&quot;,&quot;btnStyle&quot;:{&quot;background&quot;:&quot;#1e73be&quot;,&quot;color&quot;:&quot;#fff&quot;,&quot;fontSize&quot;:&quot;rem&quot;,&quot;padding&quot;:{&quot;top&quot;:10,&quot;right&quot;:20,&quot;bottom&quot;:10,&quot;left&quot;:10}}},&quot;align&quot;:&quot;none&quot;,&quot;alignment&quot;:&quot;left&quot;,&quot;titleFontSize&quot;:&quot;16px&quot;,&quot;isHideRightToolbar&quot;:false,&quot;additional&quot;:{&quot;ID&quot;:&quot;&quot;,&quot;Class&quot;:&quot;&quot;,&quot;CSS&quot;:&quot;&quot;},&quot;adobeEmbedder&quot;:false,&quot;adobeOptions&quot;:{&quot;showDownloadPDF&quot;:true,&quot;showPrintPDF&quot;:true,&quot;showAnnotationTools&quot;:true,&quot;showFullScreen&quot;:false,&quot;embedMode&quot;:&quot;SIZED_CONTAINER&quot;},&quot;popupBtnStyle&quot;:{&quot;background&quot;:&quot;#2271b1&quot;,&quot;color&quot;:&quot;#fff&quot;,&quot;padding&quot;:{&quot;top&quot;:10,&quot;right&quot;:20,&quot;bottom&quot;:10,&quot;left&quot;:10}},&quot;popupBtnText&quot;:&quot;Open Document&quot;,&quot;CSS&quot;:&quot;&quot;}'\n    style=\"text-align: left\">\n    \n        <iframe title=\"Plan de Desarrollo\" style=\"border:0;\" width=\"100%\" height=\"800px\" class=\"pdfp_unsupported_frame\" src=\"\/\/docs.google.com\/gview?embedded=true&url=https:\/\/ingenieriamxl.uabc.dev\/peibi\/wp-content\/uploads\/2024\/02\/plandesarrollobioingenieria22-25.pdf\"><\/iframe>\n\n    <\/div><\/div>\n\t\t\t\t\t\t<\/div>\n\t\t\t\t<\/div>\n\t\t\t\t<\/div>\n\t\t\t\t<\/div>\n\t\t<div class=\"elementor-element elementor-element-bf16f60 e-con-full e-flex e-con e-child\" data-id=\"bf16f60\" data-element_type=\"container\">\n\t\t<div class=\"elementor-element elementor-element-02f4095 e-con-full e-flex e-con e-child\" data-id=\"02f4095\" data-element_type=\"container\" data-settings=\"{&quot;background_background&quot;:&quot;classic&quot;}\">\n\t\t\t\t<div class=\"elementor-element elementor-element-d865a8b elementor-widget elementor-widget-heading\" data-id=\"d865a8b\" data-element_type=\"widget\" data-widget_type=\"heading.default\">\n\t\t\t\t<div class=\"elementor-widget-container\">\n\t\t\t\t\t<h2 class=\"elementor-heading-title elementor-size-default\">RESPONSABLE DEL PROGRAMA EDUCATIVO<\/h2>\t\t\t\t<\/div>\n\t\t\t\t<\/div>\n\t\t\t\t<div class=\"elementor-element elementor-element-84dbe0b elementor-widget-divider--view-line elementor-widget elementor-widget-divider\" data-id=\"84dbe0b\" data-element_type=\"widget\" data-widget_type=\"divider.default\">\n\t\t\t\t<div class=\"elementor-widget-container\">\n\t\t\t\t\t\t\t<div class=\"elementor-divider\">\n\t\t\t<span class=\"elementor-divider-separator\">\n\t\t\t\t\t\t<\/span>\n\t\t<\/div>\n\t\t\t\t\t\t<\/div>\n\t\t\t\t<\/div>\n\t\t\t\t<div class=\"elementor-element elementor-element-9851118 elementor-widget elementor-widget-text-editor\" data-id=\"9851118\" data-element_type=\"widget\" data-widget_type=\"text-editor.default\">\n\t\t\t\t<div class=\"elementor-widget-container\">\n\t\t\t\t\t\t\t\t\t<p><span style=\"color: #339966; font-size: 10pt;\"><strong>M.C. Jos\u00e9 Luis Becerra Buenrostro<\/strong><\/span><br>\n<span style=\"font-size: 10pt;\"><em><span style=\"color: #ffcc00;\"><strong>Responsable del Programa Educativo de Bioingenier\u00eda<\/strong><\/span><\/em><\/span><\/p>\n<p>&nbsp;<\/p>\n<p><span style=\"font-size: 10pt;\"><strong><span style=\"color: #339966;\">Email:<\/span> <span style=\"color: #000000;\"><a style=\"color: #000000;\" href=\"mailto:bioingenieria_fim@uabc.edu.mx\">bioingenieria_fim@uabc.edu.mx<\/a><\/span><\/strong><\/span><br>\n<span style=\"font-size: 10pt;\"><strong><span style=\"color: #339966;\">Telefono:<\/span> +52 (686) 841-82-35 <\/strong><\/span><\/p>\n<p><span style=\"font-size: 10pt;\"><strong><span style=\"color: #339966;\">Ext.<\/span> 44380<\/strong><\/span><\/p><p><span style=\"font-size: 10pt;\"><strong><br><\/strong><\/span><\/p>\t\t\t\t\t\t\t\t<\/div>\n\t\t\t\t<\/div>\n\t\t\t\t<\/div>\n\t\t<div class=\"elementor-element elementor-element-07a998c e-con-full e-flex e-con e-child\" data-id=\"07a998c\" data-element_type=\"container\" data-settings=\"{&quot;background_background&quot;:&quot;classic&quot;}\">\n\t\t\t\t<div class=\"elementor-element elementor-element-8037a3d elementor-widget elementor-widget-heading\" data-id=\"8037a3d\" data-element_type=\"widget\" data-widget_type=\"heading.default\">\n\t\t\t\t<div class=\"elementor-widget-container\">\n\t\t\t\t\t<h2 class=\"elementor-heading-title elementor-size-default\">ACREDITACIONES<\/h2>\t\t\t\t<\/div>\n\t\t\t\t<\/div>\n\t\t\t\t<div class=\"elementor-element elementor-element-f40dc8e elementor-widget-divider--view-line elementor-widget elementor-widget-divider\" data-id=\"f40dc8e\" data-element_type=\"widget\" data-widget_type=\"divider.default\">\n\t\t\t\t<div class=\"elementor-widget-container\">\n\t\t\t\t\t\t\t<div class=\"elementor-divider\">\n\t\t\t<span class=\"elementor-divider-separator\">\n\t\t\t\t\t\t<\/span>\n\t\t<\/div>\n\t\t\t\t\t\t<\/div>\n\t\t\t\t<\/div>\n\t\t\t\t<div class=\"elementor-element elementor-element-995157d elementor-widget__width-initial elementor-widget elementor-widget-image\" data-id=\"995157d\" data-element_type=\"widget\" data-widget_type=\"image.default\">\n\t\t\t\t<div class=\"elementor-widget-container\">\n\t\t\t\t\t\t\t\t\t\t\t\t\t\t\t\t<a href=\"https:\/\/ingenieriamxl.uabc.dev\/peibi\/wp-content\/uploads\/2024\/02\/certificadoanecaBio.pdf\" target=\"_blank\">\n\t\t\t\t\t\t\t<img decoding=\"async\" width=\"300\" height=\"140\" src=\"https:\/\/ingenieriamxl.uabc.dev\/peibi\/wp-content\/uploads\/2023\/09\/aneca.jpg\" class=\"attachment-medium size-medium wp-image-2133\" alt=\"\" \/>\t\t\t\t\t\t\t\t<\/a>\n\t\t\t\t\t\t\t\t\t\t\t\t\t\t\t<\/div>\n\t\t\t\t<\/div>\n\t\t\t\t<div class=\"elementor-element elementor-element-1eebd8e elementor-widget elementor-widget-text-editor\" data-id=\"1eebd8e\" data-element_type=\"widget\" data-widget_type=\"text-editor.default\">\n\t\t\t\t<div class=\"elementor-widget-container\">\n\t\t\t\t\t\t\t\t\t<p><strong><span style=\"font-size: 10pt;\">Agencia Nacional de Evaluaci\u00f3n de la Calidad y Acreditaci\u00f3n.<\/span><\/strong><\/p>\t\t\t\t\t\t\t\t<\/div>\n\t\t\t\t<\/div>\n\t\t\t\t<div class=\"elementor-element elementor-element-580d79b elementor-widget__width-initial elementor-widget elementor-widget-image\" data-id=\"580d79b\" data-element_type=\"widget\" data-widget_type=\"image.default\">\n\t\t\t\t<div class=\"elementor-widget-container\">\n\t\t\t\t\t\t\t\t\t\t\t\t\t\t\t\t<a href=\"https:\/\/ingenieriamxl.uabc.dev\/peibi\/wp-content\/uploads\/2024\/04\/certificadocaceibio.pdf\" target=\"_blank\">\n\t\t\t\t\t\t\t<img fetchpriority=\"high\" decoding=\"async\" width=\"800\" height=\"350\" src=\"https:\/\/ingenieriamxl.uabc.dev\/peibi\/wp-content\/uploads\/2023\/09\/cacei.jpg\" class=\"attachment-large size-large wp-image-2134\" alt=\"\" \/>\t\t\t\t\t\t\t\t<\/a>\n\t\t\t\t\t\t\t\t\t\t\t\t\t\t\t<\/div>\n\t\t\t\t<\/div>\n\t\t\t\t<div class=\"elementor-element elementor-element-6e82a65 elementor-widget elementor-widget-text-editor\" data-id=\"6e82a65\" data-element_type=\"widget\" data-widget_type=\"text-editor.default\">\n\t\t\t\t<div class=\"elementor-widget-container\">\n\t\t\t\t\t\t\t\t\t<p class=\"top-card-layout__title font-sans text-lg papabear:text-xl font-bold leading-open text-color-text mb-0\"><strong><span style=\"font-size: 10pt;\">Consejo de Acreditaci\u00f3n de la Ense\u00f1anza de la Ingenier\u00eda, A.C.<\/span><\/strong><\/p>\t\t\t\t\t\t\t\t<\/div>\n\t\t\t\t<\/div>\n\t\t\t\t<\/div>\n\t\t\t\t<\/div>\n\t\t\t\t<\/div>\n\t\t\t\t<\/div>\n\t\t","protected":false},"excerpt":{"rendered":"<p>Plan de Desarrollo RESPONSABLE DEL PROGRAMA EDUCATIVO M.C. Jos\u00e9 Luis Becerra Buenrostro Responsable del Programa Educativo de Bioingenier\u00eda &nbsp; Email: bioingenieria_fim@uabc.edu.mx Telefono: +52 (686) 841-82-35 Ext. 44380 ACREDITACIONES Agencia Nacional de Evaluaci\u00f3n de la Calidad y Acreditaci\u00f3n. Consejo de Acreditaci\u00f3n de la Ense\u00f1anza de la Ingenier\u00eda, A.C.<\/p>\n","protected":false},"author":3,"featured_media":0,"parent":0,"menu_order":0,"comment_status":"closed","ping_status":"closed","template":"","meta":{"site-sidebar-layout":"no-sidebar","site-content-layout":"page-builder","ast-site-content-layout":"full-width-container","site-content-style":"default","site-sidebar-style":"default","ast-global-header-display":"","ast-banner-title-visibility":"","ast-main-header-display":"","ast-hfb-above-header-display":"","ast-hfb-below-header-display":"","ast-hfb-mobile-header-display":"","site-post-title":"disabled","ast-breadcrumbs-content":"","ast-featured-img":"disabled","footer-sml-layout":"","ast-disable-related-posts":"","theme-transparent-header-meta":"default","adv-header-id-meta":"","stick-header-meta":"","header-above-stick-meta":"","header-main-stick-meta":"","header-below-stick-meta":"","astra-migrate-meta-layouts":"set","ast-page-background-enabled":"default","ast-page-background-meta":{"desktop":{"background-color":"","background-image":"","background-repeat":"repeat","background-position":"center center","background-size":"auto","background-attachment":"scroll","background-type":"","background-media":"","overlay-type":"","overlay-color":"","overlay-opacity":"","overlay-gradient":""},"tablet":{"background-color":"","background-image":"","background-repeat":"repeat","background-position":"center center","background-size":"auto","background-attachment":"scroll","background-type":"","background-media":"","overlay-type":"","overlay-color":"","overlay-opacity":"","overlay-gradient":""},"mobile":{"background-color":"","background-image":"","background-repeat":"repeat","background-position":"center center","background-size":"auto","background-attachment":"scroll","background-type":"","background-media":"","overlay-type":"","overlay-color":"","overlay-opacity":"","overlay-gradient":""}},"ast-content-background-meta":{"desktop":{"background-color":"var(--ast-global-color-5)","background-image":"","background-repeat":"repeat","background-position":"center center","background-size":"auto","background-attachment":"scroll","background-type":"","background-media":"","overlay-type":"","overlay-color":"","overlay-opacity":"","overlay-gradient":""},"tablet":{"background-color":"var(--ast-global-color-5)","background-image":"","background-repeat":"repeat","background-position":"center center","background-size":"auto","background-attachment":"scroll","background-type":"","background-media":"","overlay-type":"","overlay-color":"","overlay-opacity":"","overlay-gradient":""},"mobile":{"background-color":"var(--ast-global-color-5)","background-image":"","background-repeat":"repeat","background-position":"center center","background-size":"auto","background-attachment":"scroll","background-type":"","background-media":"","overlay-type":"","overlay-color":"","overlay-opacity":"","overlay-gradient":""}},"footnotes":""},"class_list":["post-2863","page","type-page","status-publish","hentry"],"_links":{"self":[{"href":"https:\/\/ingenieriamxl.uabc.dev\/peibi\/wp-json\/wp\/v2\/pages\/2863","targetHints":{"allow":["GET"]}}],"collection":[{"href":"https:\/\/ingenieriamxl.uabc.dev\/peibi\/wp-json\/wp\/v2\/pages"}],"about":[{"href":"https:\/\/ingenieriamxl.uabc.dev\/peibi\/wp-json\/wp\/v2\/types\/page"}],"author":[{"embeddable":true,"href":"https:\/\/ingenieriamxl.uabc.dev\/peibi\/wp-json\/wp\/v2\/users\/3"}],"replies":[{"embeddable":true,"href":"https:\/\/ingenieriamxl.uabc.dev\/peibi\/wp-json\/wp\/v2\/comments?post=2863"}],"version-history":[{"count":40,"href":"https:\/\/ingenieriamxl.uabc.dev\/peibi\/wp-json\/wp\/v2\/pages\/2863\/revisions"}],"predecessor-version":[{"id":5257,"href":"https:\/\/ingenieriamxl.uabc.dev\/peibi\/wp-json\/wp\/v2\/pages\/2863\/revisions\/5257"}],"wp:attachment":[{"href":"https:\/\/ingenieriamxl.uabc.dev\/peibi\/wp-json\/wp\/v2\/media?parent=2863"}],"curies":[{"name":"wp","href":"https:\/\/api.w.org\/{rel}","templated":true}]}}