{"id":2862,"date":"2023-10-10T13:20:15","date_gmt":"2023-10-10T21:20:15","guid":{"rendered":"http:\/\/localhost\/pe_ico\/?page_id=2862"},"modified":"2024-04-18T10:08:14","modified_gmt":"2024-04-18T18:08:14","slug":"campo-ocupacional","status":"publish","type":"page","link":"https:\/\/ingenieriamxl.uabc.dev\/peibi\/campo-ocupacional\/","title":{"rendered":"Campo Ocupacional"},"content":{"rendered":"\t\t<div data-elementor-type=\"wp-page\" data-elementor-id=\"2862\" class=\"elementor elementor-2862\">\n\t\t\t\t<div class=\"elementor-element elementor-element-daa1e43 e-con-full e-flex e-con e-parent\" data-id=\"daa1e43\" data-element_type=\"container\">\n\t\t<div class=\"elementor-element elementor-element-9b7ea22 e-con-full e-flex e-con e-child\" data-id=\"9b7ea22\" data-element_type=\"container\">\n\t\t<div class=\"elementor-element elementor-element-7f8a134 e-con-full e-flex e-con e-child\" data-id=\"7f8a134\" data-element_type=\"container\" data-settings=\"{&quot;background_background&quot;:&quot;classic&quot;}\">\n\t\t\t\t<div class=\"elementor-element elementor-element-7e30e08 elementor-widget elementor-widget-heading\" data-id=\"7e30e08\" data-element_type=\"widget\" data-widget_type=\"heading.default\">\n\t\t\t\t<div class=\"elementor-widget-container\">\n\t\t\t\t\t<h1 class=\"elementor-heading-title elementor-size-default\">Campo Ocupacional<\/h1>\t\t\t\t<\/div>\n\t\t\t\t<\/div>\n\t\t\t\t<div class=\"elementor-element elementor-element-66d7613 elementor-widget-divider--view-line elementor-widget elementor-widget-divider\" data-id=\"66d7613\" data-element_type=\"widget\" data-widget_type=\"divider.default\">\n\t\t\t\t<div class=\"elementor-widget-container\">\n\t\t\t\t\t\t\t<div class=\"elementor-divider\">\n\t\t\t<span class=\"elementor-divider-separator\">\n\t\t\t\t\t\t<\/span>\n\t\t<\/div>\n\t\t\t\t\t\t<\/div>\n\t\t\t\t<\/div>\n\t\t\t\t<div class=\"elementor-element elementor-element-15ff8cb elementor-widget elementor-widget-text-editor\" data-id=\"15ff8cb\" data-element_type=\"widget\" data-widget_type=\"text-editor.default\">\n\t\t\t\t<div class=\"elementor-widget-container\">\n\t\t\t\t\t\t\t\t\t<p><span style=\"font-size: 14pt;\">El Bioingeniero podr\u00e1 aplicar sus competencias profesionales en todo tipo de proyectos de biotecnolog\u00eda, ingenier\u00eda biom\u00e9dica y medio ambiente. Su desempe\u00f1o incide en el sector p\u00fablico en dependencias de los tres niveles de gobierno y organismos descentralizados, en el sector privado o como profesional independiente.\u00a0<\/span><\/p>\t\t\t\t\t\t\t\t<\/div>\n\t\t\t\t<\/div>\n\t\t\t\t<div class=\"elementor-element elementor-element-b7ebe68 elementor-hidden-tablet elementor-hidden-mobile elementor-widget elementor-widget-eael-image-accordion\" data-id=\"b7ebe68\" data-element_type=\"widget\" data-widget_type=\"eael-image-accordion.default\">\n\t\t\t\t<div class=\"elementor-widget-container\">\n\t\t\t\t\t    <div class=\"eael-img-accordion accordion-direction-horizontal eael-img-accordion-horizontal-align-center eael-img-accordion-vertical-align-center\" id=\"eael-img-accordion-b7ebe68\" data-img-accordion-id=\"b7ebe68\" data-img-accordion-type=\"on-hover\">\n                    \n            <div class=\"eael-image-accordion-hover eael-image-accordion-item overlay-active\" style=\"background-image: url(https:\/\/ingenieriamxl.uabc.dev\/peibi\/wp-content\/uploads\/2023\/09\/antenna-cell-cellular-21457.jpg); flex: 3 1 0%;\"  tabindex=\"0\">\n                <div class=\"overlay\">\n                                        <div class=\"overlay-inner  overlay-inner-show\">\n                        <h2 class=\"img-accordion-title\">Sector P\u00fablico<\/h2>                            <p><ul><li><p style=\"text-align: left\">Sector salud<\/p><\/li><li style=\"text-align: left\"><p>En instancias reguladoras<\/p><\/li><li style=\"text-align: left\"><p>Instituciones de Educaci\u00f3n y Centros de Investigaci\u00f3n<\/p><\/li><li style=\"text-align: left\"><p>Dependencias de gobierno<\/p><\/li><li style=\"text-align: left\"><p>En trabajos de mejoramiento del medio ambiente y aprovechamiento de recursos naturales.<\/p><\/li><li style=\"text-align: left\"><p>En organismos que impulsan el desarrollo agropecuario<\/p><\/li><li><p style=\"text-align: left\">Otras dependencias y entidades en el \u00e1mbito federal, estatal y municipal.\u00a0<\/p><\/li><\/ul><\/p>\n                                            <\/div>\n                <\/div>\n            <\/div>\n                    \n            <div class=\"eael-image-accordion-hover eael-image-accordion-item overlay-active\" style=\"background-image: url(https:\/\/ingenieriamxl.uabc.dev\/peibi\/wp-content\/uploads\/2023\/09\/startup-business-people-849804.jpg); flex: 3 1 0%;\"  tabindex=\"0\">\n                <div class=\"overlay\">\n                                        <div class=\"overlay-inner  overlay-inner-show\">\n                        <h2 class=\"img-accordion-title\">Profesional Independiente<\/h2>                            <p><ul><li style=\"text-align: left\">Asesor\u00eda y capacitaci\u00f3n de personal en el \u00e1rea de la bioingenier\u00eda<\/li><li style=\"text-align: left\">Realizando estudios y proyectos en el \u00e1rea bioingenieril<\/li><li style=\"text-align: left\">Prestaci\u00f3n de servicios profesionales independientes en el \u00e1rea<\/li><\/ul><\/p>\n                                            <\/div>\n                <\/div>\n            <\/div>\n                    \n            <div class=\"eael-image-accordion-hover eael-image-accordion-item overlay-active\" style=\"background-image: url(https:\/\/ingenieriamxl.uabc.dev\/peibi\/wp-content\/uploads\/2023\/08\/electronica.jpg); flex: 3 1 0%;\"  tabindex=\"0\">\n                <div class=\"overlay\">\n                                        <div class=\"overlay-inner  overlay-inner-show\">\n                        <h2 class=\"img-accordion-title\">Sector Privado<\/h2>                            <p><ul><li style=\"text-align: left\">Sector salud<\/li><li style=\"text-align: left\">Sector educativo<\/li><li style=\"text-align: left\">Departamentos de Investigaci\u00f3n y Desarrollo<\/li><li style=\"text-align: left\">En la industria de fabricaci\u00f3n de materiales y equipo m\u00e9dico<\/li><li style=\"text-align: left\">En la industria biotecnol\u00f3gica<\/li><li style=\"text-align: left\">En la industria del medio ambiente<\/li><li style=\"text-align: left\">Empresas de servicios<\/li><\/ul><\/p>\n                                            <\/div>\n                <\/div>\n            <\/div>\n                <\/div>\n        <style typr=\"text\/css\">\n                    #eael-img-accordion-b7ebe68 .eael-image-accordion-hover:hover {\n                        flex: 3 1 0% !important;\n                    }\n                    #eael-img-accordion-b7ebe68 .eael-image-accordion-hover:hover:hover .overlay-inner * {\n                        opacity: 1;\n                        visibility: visible;\n                        transform: none;\n                        transition: all .3s .3s;\n                    }\n                <\/style>\t\t\t\t<\/div>\n\t\t\t\t<\/div>\n\t\t\t\t<div class=\"elementor-element elementor-element-675e4cb elementor-hidden-desktop elementor-widget elementor-widget-eael-image-accordion\" data-id=\"675e4cb\" data-element_type=\"widget\" data-widget_type=\"eael-image-accordion.default\">\n\t\t\t\t<div class=\"elementor-widget-container\">\n\t\t\t\t\t    <div class=\"eael-img-accordion accordion-direction-vertical eael-img-accordion-horizontal-align-center eael-img-accordion-vertical-align-center\" id=\"eael-img-accordion-675e4cb\" data-img-accordion-id=\"675e4cb\" data-img-accordion-type=\"on-hover\">\n                    \n            <div class=\"eael-image-accordion-hover eael-image-accordion-item overlay-active\" style=\"background-image: url(https:\/\/ingenieriamxl.uabc.dev\/peibi\/wp-content\/uploads\/2023\/09\/antenna-cell-cellular-21457.jpg); flex: 3 1 0%;\"  tabindex=\"0\">\n                <div class=\"overlay\">\n                                        <div class=\"overlay-inner  overlay-inner-show\">\n                        <h2 class=\"img-accordion-title\">Sector P\u00fablico<\/h2>                            <p><ul><li><div style=\"text-align: left\"><span style=\"font-size: 10pt\">Dependencias de gobierno<\/span><\/div><\/li><li style=\"text-align: left\"><div><span style=\"font-size: 10pt\">Comunicaciones y transportes<\/span><\/div><\/li><li style=\"text-align: left\"><span style=\"font-size: 10pt\">Instituciones educativas y de investigaci\u00f3n<\/span><\/li><li style=\"text-align: left\"><span style=\"font-size: 10pt\">Centros de investigaci\u00f3n<\/span><\/li><\/ul><\/p>\n                                            <\/div>\n                <\/div>\n            <\/div>\n                    \n            <div class=\"eael-image-accordion-hover eael-image-accordion-item overlay-active\" style=\"background-image: url(https:\/\/ingenieriamxl.uabc.dev\/peibi\/wp-content\/uploads\/2023\/08\/electronica.jpg); flex: 3 1 0%;\"  tabindex=\"0\">\n                <div class=\"overlay\">\n                                        <div class=\"overlay-inner  overlay-inner-show\">\n                        <h2 class=\"img-accordion-title\">Sector Privado<\/h2>                            <p><ul><li><div style=\"text-align: left\"><span style=\"font-size: 10pt\">Empresas y microempresas<\/span><\/div><\/li><li style=\"text-align: left\"><div><span style=\"font-size: 10pt\">Industria maquiladora<\/span><\/div><\/li><li style=\"text-align: left\"><span style=\"font-size: 10pt\">Centros de investigaci\u00f3n<\/span><\/li><\/ul><\/p>\n                                            <\/div>\n                <\/div>\n            <\/div>\n                    \n            <div class=\"eael-image-accordion-hover eael-image-accordion-item\" style=\"background-image: url(https:\/\/ingenieriamxl.uabc.dev\/peibi\/wp-content\/uploads\/2023\/09\/startup-business-people-849804.jpg);\"  tabindex=\"0\">\n                <div class=\"overlay\">\n                                        <div class=\"overlay-inner \">\n                        <h2 class=\"img-accordion-title\">Profesional Independiente<\/h2>                            <p><ul><li><div style=\"text-align: left\"><span style=\"font-size: 8pt\">Asesorando, dise\u00f1ando, implementando, documentando y evaluando proyectos de automatizaci\u00f3n, redes de computadoras y\/o ingenier\u00eda de software<\/span><\/div><\/li><li style=\"text-align: left\"><span style=\"font-size: 8pt\">Dise\u00f1ando, seleccionando e instalando equipo y programas de sistemas de c\u00f3mputo<\/span><\/li><li style=\"text-align: left\"><span style=\"font-size: 8pt\">Manteniendo en estado \u00f3ptimo sistemas de c\u00f3mputo<\/span><\/li><li style=\"text-align: left\"><span style=\"font-size: 8pt\">Innovando y generando tecnolog\u00eda de c\u00f3mputo<\/span><\/li><li style=\"text-align: left\"><span style=\"font-size: 8pt\">Comercializando y fomentando el uso de sistemas de c\u00f3mputo<\/span><\/li><li style=\"text-align: left\"><span style=\"font-size: 8pt\">Dise\u00f1o y ejecuci\u00f3n de programas de capacitaci\u00f3n<\/span><\/li><\/ul><\/p>\n                                            <\/div>\n                <\/div>\n            <\/div>\n                <\/div>\n        <style typr=\"text\/css\">\n                    #eael-img-accordion-675e4cb .eael-image-accordion-hover:hover {\n                        flex: 3 1 0% !important;\n                    }\n                    #eael-img-accordion-675e4cb .eael-image-accordion-hover:hover:hover .overlay-inner * {\n                        opacity: 1;\n                        visibility: visible;\n                        transform: none;\n                        transition: all .3s .3s;\n                    }\n                <\/style>\t\t\t\t<\/div>\n\t\t\t\t<\/div>\n\t\t\t\t<\/div>\n\t\t\t\t<\/div>\n\t\t<div class=\"elementor-element elementor-element-72423da e-con-full e-flex e-con e-child\" data-id=\"72423da\" data-element_type=\"container\">\n\t\t<div class=\"elementor-element elementor-element-46a741f e-con-full e-flex e-con e-child\" data-id=\"46a741f\" data-element_type=\"container\" data-settings=\"{&quot;background_background&quot;:&quot;classic&quot;}\">\n\t\t\t\t<div class=\"elementor-element elementor-element-a936033 elementor-widget elementor-widget-heading\" data-id=\"a936033\" data-element_type=\"widget\" data-widget_type=\"heading.default\">\n\t\t\t\t<div class=\"elementor-widget-container\">\n\t\t\t\t\t<h2 class=\"elementor-heading-title elementor-size-default\">RESPONSABLE DEL PROGRAMA EDUCATIVO<\/h2>\t\t\t\t<\/div>\n\t\t\t\t<\/div>\n\t\t\t\t<div class=\"elementor-element elementor-element-c2fb385 elementor-widget-divider--view-line elementor-widget elementor-widget-divider\" data-id=\"c2fb385\" data-element_type=\"widget\" data-widget_type=\"divider.default\">\n\t\t\t\t<div class=\"elementor-widget-container\">\n\t\t\t\t\t\t\t<div class=\"elementor-divider\">\n\t\t\t<span class=\"elementor-divider-separator\">\n\t\t\t\t\t\t<\/span>\n\t\t<\/div>\n\t\t\t\t\t\t<\/div>\n\t\t\t\t<\/div>\n\t\t\t\t<div class=\"elementor-element elementor-element-62bfac1 elementor-widget elementor-widget-text-editor\" data-id=\"62bfac1\" data-element_type=\"widget\" data-widget_type=\"text-editor.default\">\n\t\t\t\t<div class=\"elementor-widget-container\">\n\t\t\t\t\t\t\t\t\t<p><span style=\"color: #339966; font-size: 10pt;\"><strong>M.C. Jos\u00e9 Luis Becerra Buenrostro.<\/strong><\/span><\/p><p><span style=\"font-size: 10pt;\"><em><span style=\"color: #ffcc00;\"><strong>Responsable del Programa Educativo de Bioingenier\u00eda<\/strong><\/span><\/em><\/span><\/p><p>\u00a0<\/p><p><span style=\"font-size: 10pt;\"><strong><span style=\"color: #339966;\">Email:<\/span> <span style=\"color: #000000;\"><a style=\"color: #000000;\" href=\"mailto:bioingenieria_fim@uabc.edu.mx\">bioingenieria_fim@uabc.edu.mx<\/a><\/span><\/strong><\/span><br \/><span style=\"font-size: 10pt;\"><span style=\"color: #339966;\"><span style=\"color: #339966;\"><span style=\"font-size: 13.3333px;\"><b>Tel\u00e9fono<\/b><\/span><\/span><span style=\"font-size: 10pt; color: #339966;\"><b>:<\/b><\/span><\/span><b style=\"font-size: 10pt;\"> +52 (686) 841-82-35 <\/b><\/span><\/p><p><span style=\"font-size: 10pt;\"><strong><span style=\"color: #339966;\">Ext.<\/span> 44380<\/strong><\/span><\/p>\t\t\t\t\t\t\t\t<\/div>\n\t\t\t\t<\/div>\n\t\t\t\t<\/div>\n\t\t<div class=\"elementor-element elementor-element-eaf8429 e-con-full e-flex e-con e-child\" data-id=\"eaf8429\" data-element_type=\"container\" data-settings=\"{&quot;background_background&quot;:&quot;classic&quot;}\">\n\t\t\t\t<div class=\"elementor-element elementor-element-119ca13 elementor-widget elementor-widget-heading\" data-id=\"119ca13\" data-element_type=\"widget\" data-widget_type=\"heading.default\">\n\t\t\t\t<div class=\"elementor-widget-container\">\n\t\t\t\t\t<h2 class=\"elementor-heading-title elementor-size-default\">ACREDITACIONES<\/h2>\t\t\t\t<\/div>\n\t\t\t\t<\/div>\n\t\t\t\t<div class=\"elementor-element elementor-element-59a9434 elementor-widget-divider--view-line elementor-widget elementor-widget-divider\" data-id=\"59a9434\" data-element_type=\"widget\" data-widget_type=\"divider.default\">\n\t\t\t\t<div class=\"elementor-widget-container\">\n\t\t\t\t\t\t\t<div class=\"elementor-divider\">\n\t\t\t<span class=\"elementor-divider-separator\">\n\t\t\t\t\t\t<\/span>\n\t\t<\/div>\n\t\t\t\t\t\t<\/div>\n\t\t\t\t<\/div>\n\t\t\t\t<div class=\"elementor-element elementor-element-69b8e64 elementor-widget__width-initial elementor-widget elementor-widget-image\" data-id=\"69b8e64\" data-element_type=\"widget\" data-widget_type=\"image.default\">\n\t\t\t\t<div class=\"elementor-widget-container\">\n\t\t\t\t\t\t\t\t\t\t\t\t\t\t\t\t<a href=\"https:\/\/ingenieriamxl.uabc.dev\/peibi\/wp-content\/uploads\/2024\/02\/certificadoanecaBio.pdf\" target=\"_blank\">\n\t\t\t\t\t\t\t<img decoding=\"async\" width=\"300\" height=\"140\" src=\"https:\/\/ingenieriamxl.uabc.dev\/peibi\/wp-content\/uploads\/2023\/09\/aneca.jpg\" class=\"attachment-medium size-medium wp-image-2133\" alt=\"\" \/>\t\t\t\t\t\t\t\t<\/a>\n\t\t\t\t\t\t\t\t\t\t\t\t\t\t\t<\/div>\n\t\t\t\t<\/div>\n\t\t\t\t<div class=\"elementor-element elementor-element-ee7099b elementor-widget elementor-widget-text-editor\" data-id=\"ee7099b\" data-element_type=\"widget\" data-widget_type=\"text-editor.default\">\n\t\t\t\t<div class=\"elementor-widget-container\">\n\t\t\t\t\t\t\t\t\t<p><strong><span style=\"font-size: 10pt;\">Agencia Nacional de Evaluaci\u00f3n de la Calidad y Acreditaci\u00f3n.<\/span><\/strong><\/p>\t\t\t\t\t\t\t\t<\/div>\n\t\t\t\t<\/div>\n\t\t\t\t<div class=\"elementor-element elementor-element-4fc8239 elementor-widget__width-initial elementor-widget elementor-widget-image\" data-id=\"4fc8239\" data-element_type=\"widget\" data-widget_type=\"image.default\">\n\t\t\t\t<div class=\"elementor-widget-container\">\n\t\t\t\t\t\t\t\t\t\t\t\t\t\t\t\t<a href=\"https:\/\/ingenieriamxl.uabc.dev\/peibi\/wp-content\/uploads\/2024\/04\/certificadocaceibio.pdf\" target=\"_blank\">\n\t\t\t\t\t\t\t<img fetchpriority=\"high\" decoding=\"async\" width=\"800\" height=\"350\" src=\"https:\/\/ingenieriamxl.uabc.dev\/peibi\/wp-content\/uploads\/2023\/09\/cacei.jpg\" class=\"attachment-large size-large wp-image-2134\" alt=\"\" \/>\t\t\t\t\t\t\t\t<\/a>\n\t\t\t\t\t\t\t\t\t\t\t\t\t\t\t<\/div>\n\t\t\t\t<\/div>\n\t\t\t\t<div class=\"elementor-element elementor-element-0def2d5 elementor-widget elementor-widget-text-editor\" data-id=\"0def2d5\" data-element_type=\"widget\" data-widget_type=\"text-editor.default\">\n\t\t\t\t<div class=\"elementor-widget-container\">\n\t\t\t\t\t\t\t\t\t<p class=\"top-card-layout__title font-sans text-lg papabear:text-xl font-bold leading-open text-color-text mb-0\"><strong><span style=\"font-size: 10pt;\">Consejo de Acreditaci\u00f3n de la Ense\u00f1anza de la Ingenier\u00eda, A.C.<\/span><\/strong><\/p>\t\t\t\t\t\t\t\t<\/div>\n\t\t\t\t<\/div>\n\t\t\t\t<\/div>\n\t\t\t\t<\/div>\n\t\t\t\t<\/div>\n\t\t\t\t<\/div>\n\t\t","protected":false},"excerpt":{"rendered":"<p>Campo Ocupacional El Bioingeniero podr\u00e1 aplicar sus competencias profesionales en todo tipo de proyectos de biotecnolog\u00eda, ingenier\u00eda biom\u00e9dica y medio ambiente. Su desempe\u00f1o incide en el sector p\u00fablico en dependencias de los tres niveles de gobierno y organismos descentralizados, en el sector privado o como profesional independiente.\u00a0 Sector P\u00fablico Sector salud En instancias reguladoras Instituciones [&hellip;]<\/p>\n","protected":false},"author":3,"featured_media":0,"parent":0,"menu_order":0,"comment_status":"closed","ping_status":"closed","template":"","meta":{"site-sidebar-layout":"no-sidebar","site-content-layout":"page-builder","ast-site-content-layout":"full-width-container","site-content-style":"default","site-sidebar-style":"default","ast-global-header-display":"","ast-banner-title-visibility":"","ast-main-header-display":"","ast-hfb-above-header-display":"","ast-hfb-below-header-display":"","ast-hfb-mobile-header-display":"","site-post-title":"disabled","ast-breadcrumbs-content":"","ast-featured-img":"disabled","footer-sml-layout":"","ast-disable-related-posts":"","theme-transparent-header-meta":"default","adv-header-id-meta":"","stick-header-meta":"","header-above-stick-meta":"","header-main-stick-meta":"","header-below-stick-meta":"","astra-migrate-meta-layouts":"set","ast-page-background-enabled":"default","ast-page-background-meta":{"desktop":{"background-color":"","background-image":"","background-repeat":"repeat","background-position":"center center","background-size":"auto","background-attachment":"scroll","background-type":"","background-media":"","overlay-type":"","overlay-color":"","overlay-opacity":"","overlay-gradient":""},"tablet":{"background-color":"","background-image":"","background-repeat":"repeat","background-position":"center center","background-size":"auto","background-attachment":"scroll","background-type":"","background-media":"","overlay-type":"","overlay-color":"","overlay-opacity":"","overlay-gradient":""},"mobile":{"background-color":"","background-image":"","background-repeat":"repeat","background-position":"center center","background-size":"auto","background-attachment":"scroll","background-type":"","background-media":"","overlay-type":"","overlay-color":"","overlay-opacity":"","overlay-gradient":""}},"ast-content-background-meta":{"desktop":{"background-color":"var(--ast-global-color-5)","background-image":"","background-repeat":"repeat","background-position":"center center","background-size":"auto","background-attachment":"scroll","background-type":"","background-media":"","overlay-type":"","overlay-color":"","overlay-opacity":"","overlay-gradient":""},"tablet":{"background-color":"var(--ast-global-color-5)","background-image":"","background-repeat":"repeat","background-position":"center center","background-size":"auto","background-attachment":"scroll","background-type":"","background-media":"","overlay-type":"","overlay-color":"","overlay-opacity":"","overlay-gradient":""},"mobile":{"background-color":"var(--ast-global-color-5)","background-image":"","background-repeat":"repeat","background-position":"center center","background-size":"auto","background-attachment":"scroll","background-type":"","background-media":"","overlay-type":"","overlay-color":"","overlay-opacity":"","overlay-gradient":""}},"footnotes":""},"class_list":["post-2862","page","type-page","status-publish","hentry"],"_links":{"self":[{"href":"https:\/\/ingenieriamxl.uabc.dev\/peibi\/wp-json\/wp\/v2\/pages\/2862","targetHints":{"allow":["GET"]}}],"collection":[{"href":"https:\/\/ingenieriamxl.uabc.dev\/peibi\/wp-json\/wp\/v2\/pages"}],"about":[{"href":"https:\/\/ingenieriamxl.uabc.dev\/peibi\/wp-json\/wp\/v2\/types\/page"}],"author":[{"embeddable":true,"href":"https:\/\/ingenieriamxl.uabc.dev\/peibi\/wp-json\/wp\/v2\/users\/3"}],"replies":[{"embeddable":true,"href":"https:\/\/ingenieriamxl.uabc.dev\/peibi\/wp-json\/wp\/v2\/comments?post=2862"}],"version-history":[{"count":205,"href":"https:\/\/ingenieriamxl.uabc.dev\/peibi\/wp-json\/wp\/v2\/pages\/2862\/revisions"}],"predecessor-version":[{"id":5057,"href":"https:\/\/ingenieriamxl.uabc.dev\/peibi\/wp-json\/wp\/v2\/pages\/2862\/revisions\/5057"}],"wp:attachment":[{"href":"https:\/\/ingenieriamxl.uabc.dev\/peibi\/wp-json\/wp\/v2\/media?parent=2862"}],"curies":[{"name":"wp","href":"https:\/\/api.w.org\/{rel}","templated":true}]}}